{"id":4412,"date":"2024-09-04T07:42:03","date_gmt":"2024-09-04T07:42:03","guid":{"rendered":"https:\/\/klaraakordeon.cz\/?post_type=product&#038;p=4412"},"modified":"2026-03-08T17:08:35","modified_gmt":"2026-03-08T17:08:35","slug":"cd-woman","status":"publish","type":"product","link":"https:\/\/klaraakordeon.cz\/en\/produkt\/cd-woman\/","title":{"rendered":"CD WOMAN"},"content":{"rendered":"<p>Novinka Kl\u00e1ry Vesel\u00e9 s kapelou.<\/p>\n<p>W.O.M.A.N. je n\u00e1vratem ke zp\u011bva\u010dce a k \u017eensk\u00e9 energii. Album nese poselstv\u00ed hudebn\u00ed spolupr\u00e1ce w.o.m.a.n. s\u00a0celou kapelou.<\/p>\n<ol>\n<li>Nalad\u011bn\u00ed<\/li>\n<li>Ariel<\/li>\n<li>Host\u00fdn (text V\u00edt Rokyta)<\/li>\n<li>Cht\u011bla jsem Ti \u0159\u00edct<\/li>\n<li>Tis\u00edckr\u00e1t (text Libor Machata)<\/li>\n<li>Vl\u010d\u00ed \u017eena<\/li>\n<li>Vzpom\u00ednky<\/li>\n<li>XXL lady<\/li>\n<\/ol>\n<p><iframe loading=\"lazy\" title=\"WOMAN\/ Cht\u011bla jsem Ti \u0159\u00edct. Kl\u00e1ra Vesel\u00e1 2024\" width=\"750\" height=\"422\" src=\"https:\/\/www.youtube.com\/embed\/1AhwqgkF08A?feature=oembed\" frameborder=\"0\" allow=\"accelerometer; autoplay; clipboard-write; encrypted-media; gyroscope; picture-in-picture; web-share\" referrerpolicy=\"strict-origin-when-cross-origin\" allowfullscreen><\/iframe><\/p>\n<p>Kl\u00e1ra Vesel\u00e1: hudebn\u00ed re\u017eie, produkce, hudba, texty, zp\u011bv a akordeon<\/p>\n<p>Ond\u0159ej Z\u00e1me\u010dn\u00edk: band leader, hudebn\u00ed aran\u017em\u00e1, piano, hammonds<\/p>\n<p>Jakub \u0160im\u00e1n\u011b: zvuk, mix, baskytara, kontrabas<\/p>\n<p>Adam Sikora: bic\u00ed, perkuse<\/p>\n<p>V\u00edt Bene\u0161: kytary<\/p>\n<p>Marie Puttnerov\u00e1: zp\u011bv<\/p>\n<p>Pavel \u010cadek: violoncello a zp\u011bv<\/p>\n<p>Roman Ka\u0161n\u00edk: mastering, studio Reset<\/p>\n<p>Texta\u0159i: V\u00edt Rokyta: Host\u00fdn, Libor Machata: Tis\u00edckr\u00e1t<\/p>\n<p>Vydavatel a \u00a9: Kl\u00e1ra Vesel\u00e1, 2024<\/p>\n","protected":false},"excerpt":{"rendered":"<p>Novinka Kl\u00e1ry Vesel\u00e9 s kapelou.<\/p>\n","protected":false},"featured_media":4415,"comment_status":"open","ping_status":"closed","template":"","meta":{"_seopress_robots_primary_cat":"none","_seopress_titles_title":"","_seopress_titles_desc":"","_seopress_robots_index":"","_seopress_analysis_target_kw":""},"product_brand":[],"product_cat":[68],"product_tag":[],"class_list":{"0":"post-4412","1":"product","2":"type-product","3":"status-publish","4":"has-post-thumbnail","6":"product_cat-https-klaraakordeon-cz-tistenenoty","8":"first","9":"instock","10":"shipping-taxable","11":"purchasable","12":"product-type-simple"},"_links":{"self":[{"href":"https:\/\/klaraakordeon.cz\/en\/wp-json\/wp\/v2\/product\/4412","targetHints":{"allow":["GET"]}}],"collection":[{"href":"https:\/\/klaraakordeon.cz\/en\/wp-json\/wp\/v2\/product"}],"about":[{"href":"https:\/\/klaraakordeon.cz\/en\/wp-json\/wp\/v2\/types\/product"}],"replies":[{"embeddable":true,"href":"https:\/\/klaraakordeon.cz\/en\/wp-json\/wp\/v2\/comments?post=4412"}],"wp:featuredmedia":[{"embeddable":true,"href":"https:\/\/klaraakordeon.cz\/en\/wp-json\/wp\/v2\/media\/4415"}],"wp:attachment":[{"href":"https:\/\/klaraakordeon.cz\/en\/wp-json\/wp\/v2\/media?parent=4412"}],"wp:term":[{"taxonomy":"product_brand","embeddable":true,"href":"https:\/\/klaraakordeon.cz\/en\/wp-json\/wp\/v2\/product_brand?post=4412"},{"taxonomy":"product_cat","embeddable":true,"href":"https:\/\/klaraakordeon.cz\/en\/wp-json\/wp\/v2\/product_cat?post=4412"},{"taxonomy":"product_tag","embeddable":true,"href":"https:\/\/klaraakordeon.cz\/en\/wp-json\/wp\/v2\/product_tag?post=4412"}],"curies":[{"name":"wp","href":"https:\/\/api.w.org\/{rel}","templated":true}]}}