{"id":4733,"date":"2026-01-19T11:36:03","date_gmt":"2026-01-19T11:36:03","guid":{"rendered":"https:\/\/klaraakordeon.cz\/?post_type=product&#038;p=4733"},"modified":"2026-04-30T14:08:49","modified_gmt":"2026-04-30T14:08:49","slug":"paris-tango-2","status":"publish","type":"product","link":"https:\/\/klaraakordeon.cz\/en\/produkt\/paris-tango-2\/","title":{"rendered":"PARIS TANGO 2026"},"content":{"rendered":"<p><strong>P\u0159edneskov\u00e9 skladby a etudy pro akordeon<\/strong><\/p>\n<p>U\u010debnice obsahuje dvan\u00e1ct metodick\u00fdch etud a \u0161est s\u00f3lov\u00fdch skladeb pro akordeon ve stylu valse musette, tango a popul\u00e1rn\u00ed hudba. Autorka tedy spojila cyklus etud Akordeonov\u00fd rok a cyklus p\u0159ednesov\u00fdch skladbi\u010dek, kter\u00e9 vydala v jedn\u00e9 u\u010debnici spole\u010dn\u011b.<\/p>\n<p>V\u0161echny skladby m\u016f\u017eete voln\u011b poslouchat a nechat se inspirovat na Youtube kan\u00e1lu Kl\u00e1ra akordeon v playlistu\u00a0 <em>Paris tango (skladby) a Akordeonov\u00fd rok (etudy)<\/em>, kter\u00fd autorka sama nahr\u00e1la.<\/p>\n<p>Autor: Kl\u00e1ra Vesel\u00e1<\/p>\n<p>Datum vyd\u00e1n\u00ed: \u00fanor 2026.<\/p>\n","protected":false},"excerpt":{"rendered":"<p><strong>P\u0159ednesov\u00e9 skladby a etudy pro akordeon<\/strong><\/p>\n<p>6 p\u0159ednesov\u00fdch skladeb k polsechu zde:<\/p>\n<p>https:\/\/www.youtube.com\/watch?v=CDHCGuENz5g&amp;list=PLEhV0b56cvQVYSTpBkSzQ8ygZqXBClPYi<\/p>\n<p>12 etud k polsechu zde:<\/p>\n<p>https:\/\/www.youtube.com\/watch?v=ahTDR2HE3MU&amp;list=PLEhV0b56cvQV8vAPaA6Bcq1Jy-fbj9ZtK<\/p>\n<p>&nbsp;<\/p>\n<p>&nbsp;<\/p>\n","protected":false},"featured_media":4740,"comment_status":"closed","ping_status":"closed","template":"","meta":{"_seopress_robots_primary_cat":"none","_seopress_titles_title":"","_seopress_titles_desc":"","_seopress_robots_index":"","_seopress_analysis_target_kw":""},"product_brand":[],"product_cat":[68],"product_tag":[],"class_list":{"0":"post-4733","1":"product","2":"type-product","3":"status-publish","4":"has-post-thumbnail","6":"product_cat-https-klaraakordeon-cz-tistenenoty","8":"first","9":"instock","10":"shipping-taxable","11":"purchasable","12":"product-type-simple"},"_links":{"self":[{"href":"https:\/\/klaraakordeon.cz\/en\/wp-json\/wp\/v2\/product\/4733","targetHints":{"allow":["GET"]}}],"collection":[{"href":"https:\/\/klaraakordeon.cz\/en\/wp-json\/wp\/v2\/product"}],"about":[{"href":"https:\/\/klaraakordeon.cz\/en\/wp-json\/wp\/v2\/types\/product"}],"replies":[{"embeddable":true,"href":"https:\/\/klaraakordeon.cz\/en\/wp-json\/wp\/v2\/comments?post=4733"}],"wp:featuredmedia":[{"embeddable":true,"href":"https:\/\/klaraakordeon.cz\/en\/wp-json\/wp\/v2\/media\/4740"}],"wp:attachment":[{"href":"https:\/\/klaraakordeon.cz\/en\/wp-json\/wp\/v2\/media?parent=4733"}],"wp:term":[{"taxonomy":"product_brand","embeddable":true,"href":"https:\/\/klaraakordeon.cz\/en\/wp-json\/wp\/v2\/product_brand?post=4733"},{"taxonomy":"product_cat","embeddable":true,"href":"https:\/\/klaraakordeon.cz\/en\/wp-json\/wp\/v2\/product_cat?post=4733"},{"taxonomy":"product_tag","embeddable":true,"href":"https:\/\/klaraakordeon.cz\/en\/wp-json\/wp\/v2\/product_tag?post=4733"}],"curies":[{"name":"wp","href":"https:\/\/api.w.org\/{rel}","templated":true}]}}